{"id":49847,"date":"2019-07-15T14:05:46","date_gmt":"2019-07-15T13:05:46","guid":{"rendered":"https:\/\/moebelnachmass.lu\/thank-you\/"},"modified":"2026-02-06T11:28:47","modified_gmt":"2026-02-06T10:28:47","slug":"thank-you","status":"publish","type":"page","link":"https:\/\/moebelnachmass.lu\/en\/thank-you\/","title":{"rendered":"Thank you"},"content":{"rendered":"<p>[et_pb_section fb_built=&#8221;1&#8243; fullwidth=&#8221;on&#8221; disabled_on=&#8221;off|off|off&#8221; admin_label=&#8221;Hero Section&#8221; _builder_version=&#8221;3.27.3&#8243; use_background_color_gradient=&#8221;on&#8221; background_color_gradient_start=&#8221;rgba(108,60,44,0.68)&#8221; background_color_gradient_end=&#8221;rgba(108,60,44,0.48)&#8221; background_color_gradient_overlays_image=&#8221;on&#8221; background_image=&#8221;https:\/\/moebelnachmass.lu\/wp-content\/uploads\/2019\/07\/massgefertigte-m\u00f6bel-die-design-und-funktionalit\u00e4t-zu-einem-h\u00f6chstmass-vereinen-indiwa-luxemburg.jpeg&#8221; custom_padding=&#8221;0|0px|0|0|false|false&#8221;][et_pb_fullwidth_header title=&#8221;We have received your request for a quote!&#8221; subhead=&#8221;We will get back to you within the next 48 hours.&#8221; text_orientation=&#8221;center&#8221; button_two_text=&#8221;Back to page&#8221; button_two_url=&#8221;https:\/\/moebelnachmass.lu\/en\/&#8221; background_overlay_color=&#8221;rgba(0,0,0,0.36)&#8221; logo_image_url=&#8221;https:\/\/moebelnachmass.lu\/wp-content\/uploads\/2019\/07\/logo-transparence-indiwa-luxemburg.png&#8221; content_max_width=&#8221;50%&#8221; content_max_width_tablet=&#8221;70%&#8221; content_max_width_phone=&#8221;100%&#8221; content_max_width_last_edited=&#8221;on|phone&#8221; _builder_version=&#8221;3.27.3&#8243; title_level=&#8221;h3&#8243; title_font=&#8221;Roboto|700|||||||&#8221; title_text_color=&#8221;#FFFFFF&#8221; title_font_size=&#8221;22px&#8221; title_line_height=&#8221;1.5em&#8221; content_font=&#8221;||||||||&#8221; content_font_size=&#8221;9px&#8221; subhead_font=&#8221;Roboto|700|||||||&#8221; subhead_font_size=&#8221;16px&#8221; subhead_line_height=&#8221;1.6em&#8221; background_enable_color=&#8221;off&#8221; parallax=&#8221;on&#8221; custom_button_one=&#8221;on&#8221; button_one_text_size=&#8221;20px&#8221; button_one_border_width=&#8221;1px&#8221; button_one_border_color=&#8221;rgba(255,255,255,0.3)&#8221; button_one_border_radius=&#8221;0px&#8221; button_one_letter_spacing=&#8221;1px&#8221; button_one_font=&#8221;Saira Extra Condensed|600||on|||||&#8221; button_one_icon=&#8221;%%36%%&#8221; button_one_icon_color=&#8221;#FFFFFF&#8221; custom_button_two=&#8221;on&#8221; button_two_text_size=&#8221;14px&#8221; button_two_text_color=&#8221;#ffffff&#8221; button_two_bg_color=&#8221;#6C3C2C&#8221; button_two_border_color=&#8221;rgba(0,0,0,0)&#8221; button_two_border_radius=&#8221;4px&#8221; button_two_font=&#8221;Roboto|700||on|||||&#8221; button_two_use_icon=&#8221;off&#8221; button_two_custom_margin=&#8221;14px||||false|false&#8221; button_two_custom_padding=&#8221;10px|40px|10px|40px|true|true&#8221; module_alignment=&#8221;right&#8221; custom_margin=&#8221;||0px|&#8221; custom_padding=&#8221;8%||38px|&#8221; child_filter_saturate=&#8221;155%&#8221; child_filter_opacity=&#8221;56%&#8221; title_font_size_tablet=&#8221;18px&#8221; title_font_size_phone=&#8221;16px&#8221; title_font_size_last_edited=&#8221;on|phone&#8221; button_one_text_color_hover=&#8221;#FFFFFF&#8221; button_two_text_color_hover=&#8221;#00f6ed&#8221; button_one_bg_color_hover=&#8221;rgba(0,0,0,0)&#8221; button_two_bg_color_hover=&#8221;rgba(0,0,0,0)&#8221; button_one_text_size__hover_enabled=&#8221;off&#8221; button_two_text_size__hover_enabled=&#8221;off&#8221; button_one_text_color__hover_enabled=&#8221;on&#8221; button_one_text_color__hover=&#8221;#FFFFFF&#8221; button_two_text_color__hover_enabled=&#8221;on|hover&#8221; button_two_text_color__hover=&#8221;#ffffff&#8221; button_one_border_width__hover_enabled=&#8221;off&#8221; button_two_border_width__hover_enabled=&#8221;off&#8221; button_one_border_color__hover_enabled=&#8221;off&#8221; button_two_border_color__hover_enabled=&#8221;on|hover&#8221; button_one_border_radius__hover_enabled=&#8221;off&#8221; button_two_border_radius__hover_enabled=&#8221;on&#8221; button_one_letter_spacing__hover_enabled=&#8221;off&#8221; button_two_letter_spacing__hover_enabled=&#8221;on|hover&#8221; button_one_bg_color__hover_enabled=&#8221;on&#8221; button_one_bg_color__hover=&#8221;rgba(0,0,0,0)&#8221; button_two_bg_color__hover_enabled=&#8221;on|hover&#8221; button_two_bg_color__hover=&#8221;#A1837B&#8221; button_two_border_color__hover=&#8221;rgba(0,0,0,0)&#8221; button_two_border_radius__hover=&#8221;4px&#8221; button_two_letter_spacing__hover=&#8221;0px&#8221; button_two_bg_enable_color__hover=&#8221;on&#8221;][\/et_pb_fullwidth_header][\/et_pb_section][et_pb_section fb_built=&#8221;1&#8243; fullwidth=&#8221;on&#8221; _builder_version=&#8221;3.23.3&#8243;][et_pb_fullwidth_code _builder_version=&#8221;4.9.0&#8243;]<iframe loading=\"lazy\" style=\"border: 0;\" src=\"https:\/\/www.google.com\/maps\/embed?pb=!1m14!1m8!1m3!1d10305.293473750222!2d6.3379161!3d49.7799836!3m2!1i1024!2i768!4f13.1!3m3!1m2!1s0x0%3A0x6ae716c6f83a62f9!2sMenuiserie%20Indiwa%20S%C3%A0rl!5e0!3m2!1sfr!2slu!4v1613390560968!5m2!1sfr!2slu%22\" width=\"100%\" height=\"550\" frameborder=\"0\" allowfullscreen=\"allowfullscreen\"><\/iframe>[\/et_pb_fullwidth_code][\/et_pb_section][et_pb_section fb_built=&#8221;1&#8243; _builder_version=&#8221;4.9.0&#8243; _module_preset=&#8221;default&#8221; use_background_color_gradient=&#8221;on&#8221; background_color_gradient_start=&#8221;rgba(108,60,44,0.82)&#8221; background_color_gradient_end=&#8221;rgba(108,60,44,0.74)&#8221; background_color_gradient_overlays_image=&#8221;on&#8221; background_image=&#8221;https:\/\/moebelnachmass.lu\/wp-content\/uploads\/2021\/02\/massgefertigte-moebel-die-design-und-funktionalitaet-zu-einem-hoechstmass-vereinen-indiwa-luxemburg.jpeg&#8221; custom_padding=&#8221;110px||0px||false|false&#8221; animation_direction=&#8221;bottom&#8221; saved_tabs=&#8221;all&#8221;][et_pb_row column_structure=&#8221;1_3,1_3,1_3&#8243; use_custom_gutter=&#8221;on&#8221; gutter_width=&#8221;2&#8243; make_equal=&#8221;on&#8221; _builder_version=&#8221;4.8.2&#8243; _module_preset=&#8221;default&#8221; width=&#8221;90%&#8221; width_tablet=&#8221;90%&#8221; width_phone=&#8221;90%&#8221; width_last_edited=&#8221;on|desktop&#8221; max_width=&#8221;1290px&#8221; max_width_tablet=&#8221;90%&#8221; max_width_phone=&#8221;90%&#8221; max_width_last_edited=&#8221;on|tablet&#8221; custom_padding=&#8221;0px||0px|||&#8221;][et_pb_column type=&#8221;1_3&#8243; _builder_version=&#8221;4.8.2&#8243; _module_preset=&#8221;default&#8221;][et_pb_image src=&#8221;https:\/\/moebelnachmass.lu\/wp-content\/uploads\/2019\/07\/logo-transparence-indiwa-luxemburg.png&#8221; title_text=&#8221;logo-transparence-indiwa-luxemburg&#8221; url=&#8221;https:\/\/www.indiwa.lu\/&#8221; align_tablet=&#8221;&#8221; align_phone=&#8221;left&#8221; align_last_edited=&#8221;on|phone&#8221; _builder_version=&#8221;4.9.0&#8243; max_width=&#8221;220px&#8221; module_alignment=&#8221;left&#8221; module_alignment_tablet=&#8221;center&#8221; module_alignment_phone=&#8221;center&#8221; module_alignment_last_edited=&#8221;on|desktop&#8221;][\/et_pb_image][et_pb_social_media_follow _builder_version=&#8221;4.9.0&#8243; _module_preset=&#8221;default&#8221; text_orientation=&#8221;left&#8221; text_orientation_tablet=&#8221;center&#8221; text_orientation_phone=&#8221;&#8221; text_orientation_last_edited=&#8221;on|phone&#8221;][et_pb_social_media_follow_network social_network=&#8221;facebook&#8221; url=&#8221;https:\/\/www.facebook.com\/Indiwa-Sarl-127251574525545\/&#8221; _builder_version=&#8221;4.9.0&#8243; _module_preset=&#8221;default&#8221; background_color=&#8221;#3b5998&#8243; follow_button=&#8221;off&#8221; url_new_window=&#8221;on&#8221;]facebook[\/et_pb_social_media_follow_network][\/et_pb_social_media_follow][\/et_pb_column][et_pb_column type=&#8221;1_3&#8243; _builder_version=&#8221;4.8.2&#8243; _module_preset=&#8221;default&#8221;][et_pb_text _builder_version=&#8221;4.8.2&#8243; text_font=&#8221;DM Sans|700|||||||&#8221; text_text_color=&#8221;#ffffff&#8221; text_font_size=&#8221;20px&#8221; text_line_height=&#8221;2em&#8221; header_2_font=&#8221;Roboto|700|||||||&#8221; header_2_text_align=&#8221;center&#8221; header_2_text_color=&#8221;#003d72&#8243; header_2_font_size=&#8221;36px&#8221; header_3_font=&#8221;Roboto|500|||||||&#8221; header_3_text_align=&#8221;left&#8221; header_3_text_color=&#8221;#165ea3&#8243; header_3_font_size=&#8221;36px&#8221; header_3_line_height=&#8221;1.2em&#8221; custom_margin_tablet=&#8221;|||0px|false|false&#8221; custom_margin_phone=&#8221;|||0px|false|false&#8221; custom_margin_last_edited=&#8221;off|desktop&#8221; custom_padding=&#8221;||||false|false&#8221; header_2_font_size_tablet=&#8221;28px&#8221; header_2_font_size_phone=&#8221;24px&#8221; header_2_font_size_last_edited=&#8221;on|phone&#8221; header_2_line_height_tablet=&#8221;1.3em&#8221; header_2_line_height_phone=&#8221;&#8221; header_2_line_height_last_edited=&#8221;on|tablet&#8221; header_3_font_size_tablet=&#8221;28px&#8221; header_3_font_size_phone=&#8221;22px&#8221; header_3_font_size_last_edited=&#8221;on|phone&#8221; header_3_line_height_tablet=&#8221;1.3em&#8221; header_3_line_height_phone=&#8221;&#8221; header_3_line_height_last_edited=&#8221;on|tablet&#8221; header_4_font_size_tablet=&#8221;&#8221; header_4_font_size_phone=&#8221;&#8221; header_4_font_size_last_edited=&#8221;on|phone&#8221; text_orientation_tablet=&#8221;center&#8221; text_orientation_phone=&#8221;&#8221; text_orientation_last_edited=&#8221;on|tablet&#8221;]<\/p>\n<p>CONTACT<\/p>\n<p>[\/et_pb_text][et_pb_text _builder_version=&#8221;4.9.0&#8243; text_font=&#8221;Roboto|300|||||||&#8221; text_text_color=&#8221;#ffffff&#8221; text_line_height=&#8221;1.5em&#8221; link_font=&#8221;|600|||on||||&#8221; link_text_color=&#8221;#ffffff&#8221; header_2_font=&#8221;Roboto|700|||||||&#8221; header_2_text_align=&#8221;center&#8221; header_2_text_color=&#8221;#003d72&#8243; header_2_font_size=&#8221;36px&#8221; header_3_font=&#8221;Roboto|500|||||||&#8221; header_3_text_align=&#8221;left&#8221; header_3_text_color=&#8221;#165ea3&#8243; header_3_font_size=&#8221;36px&#8221; header_3_line_height=&#8221;1.2em&#8221; custom_margin_tablet=&#8221;|||0px|false|false&#8221; custom_margin_phone=&#8221;|||0px|false|false&#8221; custom_margin_last_edited=&#8221;off|desktop&#8221; custom_padding=&#8221;||||false|false&#8221; header_2_font_size_tablet=&#8221;28px&#8221; header_2_font_size_phone=&#8221;24px&#8221; header_2_font_size_last_edited=&#8221;on|phone&#8221; header_2_line_height_tablet=&#8221;1.3em&#8221; header_2_line_height_phone=&#8221;&#8221; header_2_line_height_last_edited=&#8221;on|tablet&#8221; header_3_font_size_tablet=&#8221;28px&#8221; header_3_font_size_phone=&#8221;22px&#8221; header_3_font_size_last_edited=&#8221;on|phone&#8221; header_3_line_height_tablet=&#8221;1.3em&#8221; header_3_line_height_phone=&#8221;&#8221; header_3_line_height_last_edited=&#8221;on|tablet&#8221; header_4_font_size_tablet=&#8221;&#8221; header_4_font_size_phone=&#8221;&#8221; header_4_font_size_last_edited=&#8221;on|phone&#8221; text_orientation_tablet=&#8221;center&#8221; text_orientation_phone=&#8221;&#8221; text_orientation_last_edited=&#8221;on|tablet&#8221;]<\/p>\n<p>INDIWA S. \u00e0 r. l.<\/p>\n<p>7, Route d\u00b4Echternach<\/p>\n<p>L-6212 Consdorf<\/p>\n<p>Phone: <a href=\"tel:+35226721154\" target=\"_blank\" rel=\"noopener noreferrer\">+352 26 72 11 54<\/a><\/p>\n<p>E-mail: <a href=\"mailto:dirk.wagner@indiwa.lu\" target=\"_blank\" rel=\"noopener noreferrer\">dirk.wagner@indiwa.lu<\/a><\/p>\n<p>Website: <a href=\"https:\/\/www.indiwa.lu\/\" target=\"_blank\" rel=\"noopener\">indiwa.lu<\/a><\/p>\n<p>[\/et_pb_text][\/et_pb_column][et_pb_column type=&#8221;1_3&#8243; _builder_version=&#8221;4.6.1&#8243; _module_preset=&#8221;default&#8221;][et_pb_text _builder_version=&#8221;4.8.2&#8243; text_font=&#8221;DM Sans|700|||||||&#8221; text_text_color=&#8221;#ffffff&#8221; text_font_size=&#8221;20px&#8221; text_line_height=&#8221;2em&#8221; header_2_font=&#8221;Roboto|700|||||||&#8221; header_2_text_align=&#8221;center&#8221; header_2_text_color=&#8221;#003d72&#8243; header_2_font_size=&#8221;36px&#8221; header_3_font=&#8221;Roboto|500|||||||&#8221; header_3_text_align=&#8221;left&#8221; header_3_text_color=&#8221;#165ea3&#8243; header_3_font_size=&#8221;36px&#8221; header_3_line_height=&#8221;1.2em&#8221; custom_padding=&#8221;||||false|false&#8221; header_2_font_size_tablet=&#8221;28px&#8221; header_2_font_size_phone=&#8221;24px&#8221; header_2_font_size_last_edited=&#8221;on|phone&#8221; header_2_line_height_tablet=&#8221;1.3em&#8221; header_2_line_height_phone=&#8221;&#8221; header_2_line_height_last_edited=&#8221;on|tablet&#8221; header_3_font_size_tablet=&#8221;28px&#8221; header_3_font_size_phone=&#8221;22px&#8221; header_3_font_size_last_edited=&#8221;on|phone&#8221; header_3_line_height_tablet=&#8221;1.3em&#8221; header_3_line_height_phone=&#8221;&#8221; header_3_line_height_last_edited=&#8221;on|tablet&#8221; header_4_font_size_tablet=&#8221;&#8221; header_4_font_size_phone=&#8221;&#8221; header_4_font_size_last_edited=&#8221;on|phone&#8221; text_orientation_tablet=&#8221;center&#8221; text_orientation_phone=&#8221;&#8221; text_orientation_last_edited=&#8221;on|tablet&#8221;]<\/p>\n<p>LINKS<\/p>\n<p>[\/et_pb_text][et_pb_image src=&#8221;https:\/\/moebelnachmass.lu\/wp-content\/uploads\/2018\/03\/Wedo-logo-blanc.png&#8221; title_text=&#8221;Wedo-logo-blanc&#8221; url=&#8221;https:\/\/wedo.lu\/&#8221; url_new_window=&#8221;on&#8221; align_tablet=&#8221;center&#8221; align_phone=&#8221;&#8221; align_last_edited=&#8221;on|tablet&#8221; _builder_version=&#8221;4.8.2&#8243; width=&#8221;50%&#8221; width_tablet=&#8221;30%&#8221; width_phone=&#8221;35%&#8221; width_last_edited=&#8221;on|phone&#8221; custom_margin_tablet=&#8221;|||0px|false|false&#8221; custom_margin_phone=&#8221;|||0px|false|false&#8221; custom_margin_last_edited=&#8221;off|desktop&#8221;][\/et_pb_image][et_pb_image src=&#8221;https:\/\/moebelnachmass.lu\/wp-content\/uploads\/2018\/03\/fda-logo-white-transparent-2.png&#8221; title_text=&#8221;fda-logo-white-transparent-2&#8243; url=&#8221;https:\/\/www.fda.lu\/&#8221; url_new_window=&#8221;on&#8221; align_tablet=&#8221;center&#8221; align_phone=&#8221;&#8221; align_last_edited=&#8221;on|tablet&#8221; _builder_version=&#8221;4.8.2&#8243; width=&#8221;50%&#8221; width_tablet=&#8221;30%&#8221; width_phone=&#8221;35%&#8221; width_last_edited=&#8221;on|phone&#8221; custom_margin_tablet=&#8221;|||0px|false|false&#8221; custom_margin_phone=&#8221;|||0px|false|false&#8221; custom_margin_last_edited=&#8221;off|desktop&#8221; custom_padding=&#8221;||10px||false|false&#8221; custom_padding_tablet=&#8221;&#8221; custom_padding_phone=&#8221;&#8221; custom_padding_last_edited=&#8221;on|phone&#8221;][\/et_pb_image][et_pb_image src=&#8221;https:\/\/moebelnachmass.lu\/wp-content\/uploads\/2021\/02\/mewo-white-transparent.png&#8221; title_text=&#8221;mewo-white-transparent&#8221; url=&#8221;https:\/\/mewo.lu\/&#8221; url_new_window=&#8221;on&#8221; align_tablet=&#8221;center&#8221; align_phone=&#8221;&#8221; align_last_edited=&#8221;on|tablet&#8221; _builder_version=&#8221;4.9.0&#8243; width=&#8221;45%&#8221; width_tablet=&#8221;30%&#8221; width_phone=&#8221;35%&#8221; width_last_edited=&#8221;on|phone&#8221; custom_margin_tablet=&#8221;|||0px|false|false&#8221; custom_margin_phone=&#8221;|||0px|false|false&#8221; custom_margin_last_edited=&#8221;off|desktop&#8221;][\/et_pb_image][\/et_pb_column][\/et_pb_row][et_pb_row use_custom_gutter=&#8221;on&#8221; gutter_width=&#8221;2&#8243; make_equal=&#8221;on&#8221; _builder_version=&#8221;4.6.1&#8243; _module_preset=&#8221;default&#8221; width=&#8221;90%&#8221; width_tablet=&#8221;90%&#8221; width_phone=&#8221;90%&#8221; width_last_edited=&#8221;on|desktop&#8221; max_width=&#8221;1290px&#8221; max_width_tablet=&#8221;90%&#8221; max_width_phone=&#8221;90%&#8221; max_width_last_edited=&#8221;on|tablet&#8221; custom_padding=&#8221;70px||70px||true|false&#8221;][et_pb_column type=&#8221;4_4&#8243; _builder_version=&#8221;4.6.1&#8243; _module_preset=&#8221;default&#8221;][et_pb_divider color=&#8221;rgba(255,255,255,0.2)&#8221; divider_position=&#8221;center&#8221; _builder_version=&#8221;4.6.1&#8243; _module_preset=&#8221;default&#8221;][\/et_pb_divider][et_pb_text _builder_version=&#8221;4.9.0&#8243; text_font=&#8221;Lato||||||||&#8221; text_text_color=&#8221;#ffffff&#8221; text_font_size=&#8221;15px&#8221; text_line_height=&#8221;1.5em&#8221; link_font=&#8221;DM Sans|600|||on||||&#8221; link_text_color=&#8221;#ffffff&#8221; header_2_font=&#8221;Roboto|700|||||||&#8221; header_2_text_align=&#8221;center&#8221; header_2_text_color=&#8221;#003d72&#8243; header_2_font_size=&#8221;36px&#8221; header_3_font=&#8221;Roboto|500|||||||&#8221; header_3_text_align=&#8221;left&#8221; header_3_text_color=&#8221;#165ea3&#8243; header_3_font_size=&#8221;36px&#8221; header_3_line_height=&#8221;1.2em&#8221; custom_padding=&#8221;||||false|false&#8221; header_2_font_size_tablet=&#8221;28px&#8221; header_2_font_size_phone=&#8221;24px&#8221; header_2_font_size_last_edited=&#8221;on|phone&#8221; header_2_line_height_tablet=&#8221;1.3em&#8221; header_2_line_height_phone=&#8221;&#8221; header_2_line_height_last_edited=&#8221;on|tablet&#8221; header_3_font_size_tablet=&#8221;28px&#8221; header_3_font_size_phone=&#8221;22px&#8221; header_3_font_size_last_edited=&#8221;on|phone&#8221; header_3_line_height_tablet=&#8221;1.3em&#8221; header_3_line_height_phone=&#8221;&#8221; header_3_line_height_last_edited=&#8221;on|tablet&#8221; header_4_font_size_tablet=&#8221;&#8221; header_4_font_size_phone=&#8221;&#8221; header_4_font_size_last_edited=&#8221;on|phone&#8221; text_orientation_tablet=&#8221;center&#8221; text_orientation_phone=&#8221;&#8221; text_orientation_last_edited=&#8221;on|tablet&#8221;]<\/p>\n<p>Copyright \u00a9 2021 &#8211; Designed and developed by <span style=\"color: #ff6600;\"><a href=\"https:\/\/wedo.lu\/\" target=\"_blank\" rel=\"noopener noreferrer\" title=\"wedo.lu\" style=\"color: #ff6600;\">Wedo.lu<\/a><\/span><\/p>\n<p>[\/et_pb_text][\/et_pb_column][\/et_pb_row][\/et_pb_section]<\/p>\n","protected":false},"excerpt":{"rendered":"<p>CONTACTINDIWA S. \u00e0 r. l. 7, Route d\u00b4Echternach L-6212 Consdorf Phone: +352 26 72 11 54 E-mail: dirk.wagner@indiwa.lu Website: indiwa.luLINKSCopyright \u00a9 2021 &#8211; Designed and developed by Wedo.lu<\/p>\n","protected":false},"author":1372,"featured_media":0,"parent":0,"menu_order":0,"comment_status":"closed","ping_status":"closed","template":"page-template-blank.php","meta":{"_et_pb_use_builder":"on","_et_pb_old_content":"","_et_gb_content_width":"","footnotes":""},"class_list":["post-49847","page","type-page","status-publish","hentry"],"_links":{"self":[{"href":"https:\/\/moebelnachmass.lu\/en\/wp-json\/wp\/v2\/pages\/49847","targetHints":{"allow":["GET"]}}],"collection":[{"href":"https:\/\/moebelnachmass.lu\/en\/wp-json\/wp\/v2\/pages"}],"about":[{"href":"https:\/\/moebelnachmass.lu\/en\/wp-json\/wp\/v2\/types\/page"}],"author":[{"embeddable":true,"href":"https:\/\/moebelnachmass.lu\/en\/wp-json\/wp\/v2\/users\/1372"}],"replies":[{"embeddable":true,"href":"https:\/\/moebelnachmass.lu\/en\/wp-json\/wp\/v2\/comments?post=49847"}],"version-history":[{"count":2,"href":"https:\/\/moebelnachmass.lu\/en\/wp-json\/wp\/v2\/pages\/49847\/revisions"}],"predecessor-version":[{"id":49849,"href":"https:\/\/moebelnachmass.lu\/en\/wp-json\/wp\/v2\/pages\/49847\/revisions\/49849"}],"wp:attachment":[{"href":"https:\/\/moebelnachmass.lu\/en\/wp-json\/wp\/v2\/media?parent=49847"}],"curies":[{"name":"wp","href":"https:\/\/api.w.org\/{rel}","templated":true}]}}